{"id":672,"date":"2022-02-21T10:07:05","date_gmt":"2022-02-21T09:07:05","guid":{"rendered":"http:\/\/www.fritidsgardarna.se\/wpnew\/?page_id=672"},"modified":"2022-02-23T13:28:54","modified_gmt":"2022-02-23T12:28:54","slug":"sportlov-2022-2","status":"publish","type":"page","link":"http:\/\/www.fritidsgardarna.se\/wpnew\/?page_id=672","title":{"rendered":"Sportlov 2022"},"content":{"rendered":"\n<p>Hej! Nu \u00e4r det snart dags f\u00f6r sportlov och det \u00e4r som vanligt en vecka som vi fyller med roliga aktiviteter. H\u00e4r kommer all information som ni beh\u00f6ver. <\/p>\n\n\n\n<figure class=\"wp-block-gallery has-nested-images columns-default is-cropped wp-block-gallery-1 is-layout-flex\">\n<figure class=\"wp-block-image size-large\"><a href=\"http:\/\/www.fritidsgardarna.se\/wpnew\/wp-content\/uploads\/2022\/02\/Krea-sportlov-page-001-scaled-1.jpg\"><img decoding=\"async\" loading=\"lazy\" width=\"724\" height=\"1024\" data-id=\"700\"  src=\"http:\/\/www.fritidsgardarna.se\/wpnew\/wp-content\/uploads\/2022\/02\/Krea-sportlov-page-001-scaled-1-724x1024.jpg\" alt=\"\" class=\"wp-image-700\" srcset=\"http:\/\/www.fritidsgardarna.se\/wpnew\/wp-content\/uploads\/2022\/02\/Krea-sportlov-page-001-scaled-1-724x1024.jpg 724w, http:\/\/www.fritidsgardarna.se\/wpnew\/wp-content\/uploads\/2022\/02\/Krea-sportlov-page-001-scaled-1-212x300.jpg 212w, http:\/\/www.fritidsgardarna.se\/wpnew\/wp-content\/uploads\/2022\/02\/Krea-sportlov-page-001-scaled-1-106x150.jpg 106w, http:\/\/www.fritidsgardarna.se\/wpnew\/wp-content\/uploads\/2022\/02\/Krea-sportlov-page-001-scaled-1-768x1086.jpg 768w, http:\/\/www.fritidsgardarna.se\/wpnew\/wp-content\/uploads\/2022\/02\/Krea-sportlov-page-001-scaled-1-1087x1536.jpg 1087w, http:\/\/www.fritidsgardarna.se\/wpnew\/wp-content\/uploads\/2022\/02\/Krea-sportlov-page-001-scaled-1-1449x2048.jpg 1449w, http:\/\/www.fritidsgardarna.se\/wpnew\/wp-content\/uploads\/2022\/02\/Krea-sportlov-page-001-scaled-1.jpg 1811w\" sizes=\"(max-width: 724px) 100vw, 724px\" \/><\/a><\/figure>\n\n\n\n<figure class=\"wp-block-image size-large\"><a href=\"http:\/\/www.fritidsgardarna.se\/wpnew\/wp-content\/uploads\/2022\/02\/Relax-sportlov-1.jpg\"><img decoding=\"async\" loading=\"lazy\" width=\"724\" height=\"1024\" data-id=\"698\"  src=\"http:\/\/www.fritidsgardarna.se\/wpnew\/wp-content\/uploads\/2022\/02\/Relax-sportlov-1-724x1024.jpg\" alt=\"\" class=\"wp-image-698\" srcset=\"http:\/\/www.fritidsgardarna.se\/wpnew\/wp-content\/uploads\/2022\/02\/Relax-sportlov-1-724x1024.jpg 724w, http:\/\/www.fritidsgardarna.se\/wpnew\/wp-content\/uploads\/2022\/02\/Relax-sportlov-1-212x300.jpg 212w, http:\/\/www.fritidsgardarna.se\/wpnew\/wp-content\/uploads\/2022\/02\/Relax-sportlov-1-106x150.jpg 106w, http:\/\/www.fritidsgardarna.se\/wpnew\/wp-content\/uploads\/2022\/02\/Relax-sportlov-1-768x1086.jpg 768w, http:\/\/www.fritidsgardarna.se\/wpnew\/wp-content\/uploads\/2022\/02\/Relax-sportlov-1-1086x1536.jpg 1086w, http:\/\/www.fritidsgardarna.se\/wpnew\/wp-content\/uploads\/2022\/02\/Relax-sportlov-1-1448x2048.jpg 1448w, http:\/\/www.fritidsgardarna.se\/wpnew\/wp-content\/uploads\/2022\/02\/Relax-sportlov-1.jpg 1500w\" sizes=\"(max-width: 724px) 100vw, 724px\" \/><\/a><figcaption>Relaxkv\u00e4ll f\u00f6r tjejer<\/figcaption><\/figure>\n\n\n\n<figure class=\"wp-block-image size-large\"><a href=\"http:\/\/www.fritidsgardarna.se\/wpnew\/wp-content\/uploads\/2022\/02\/Motortraff_Ljustero_sportlov22.jpg\"><img decoding=\"async\" loading=\"lazy\" width=\"1500\" height=\"2121\" data-id=\"675\"  src=\"http:\/\/www.fritidsgardarna.se\/wpnew\/wp-content\/uploads\/2022\/02\/Motortraff_Ljustero_sportlov22.jpg\" alt=\"\" class=\"wp-image-675\" srcset=\"http:\/\/www.fritidsgardarna.se\/wpnew\/wp-content\/uploads\/2022\/02\/Motortraff_Ljustero_sportlov22.jpg 1500w, http:\/\/www.fritidsgardarna.se\/wpnew\/wp-content\/uploads\/2022\/02\/Motortraff_Ljustero_sportlov22-212x300.jpg 212w, http:\/\/www.fritidsgardarna.se\/wpnew\/wp-content\/uploads\/2022\/02\/Motortraff_Ljustero_sportlov22-724x1024.jpg 724w, http:\/\/www.fritidsgardarna.se\/wpnew\/wp-content\/uploads\/2022\/02\/Motortraff_Ljustero_sportlov22-106x150.jpg 106w, http:\/\/www.fritidsgardarna.se\/wpnew\/wp-content\/uploads\/2022\/02\/Motortraff_Ljustero_sportlov22-768x1086.jpg 768w, http:\/\/www.fritidsgardarna.se\/wpnew\/wp-content\/uploads\/2022\/02\/Motortraff_Ljustero_sportlov22-1086x1536.jpg 1086w, http:\/\/www.fritidsgardarna.se\/wpnew\/wp-content\/uploads\/2022\/02\/Motortraff_Ljustero_sportlov22-1448x2048.jpg 1448w\" sizes=\"(max-width: 1500px) 100vw, 1500px\" \/><\/a><figcaption>Motortr\u00e4ff p\u00e5 Ljuster\u00f6<\/figcaption><\/figure>\n\n\n\n<figure class=\"wp-block-image size-large\"><a href=\"http:\/\/www.fritidsgardarna.se\/wpnew\/wp-content\/uploads\/2022\/02\/Sportlov-2022.jpg\"><img decoding=\"async\" loading=\"lazy\" width=\"1500\" height=\"2121\" data-id=\"677\"  src=\"http:\/\/www.fritidsgardarna.se\/wpnew\/wp-content\/uploads\/2022\/02\/Sportlov-2022.jpg\" alt=\"\" class=\"wp-image-677\" srcset=\"http:\/\/www.fritidsgardarna.se\/wpnew\/wp-content\/uploads\/2022\/02\/Sportlov-2022.jpg 1500w, http:\/\/www.fritidsgardarna.se\/wpnew\/wp-content\/uploads\/2022\/02\/Sportlov-2022-212x300.jpg 212w, http:\/\/www.fritidsgardarna.se\/wpnew\/wp-content\/uploads\/2022\/02\/Sportlov-2022-724x1024.jpg 724w, http:\/\/www.fritidsgardarna.se\/wpnew\/wp-content\/uploads\/2022\/02\/Sportlov-2022-106x150.jpg 106w, http:\/\/www.fritidsgardarna.se\/wpnew\/wp-content\/uploads\/2022\/02\/Sportlov-2022-768x1086.jpg 768w, http:\/\/www.fritidsgardarna.se\/wpnew\/wp-content\/uploads\/2022\/02\/Sportlov-2022-1086x1536.jpg 1086w, http:\/\/www.fritidsgardarna.se\/wpnew\/wp-content\/uploads\/2022\/02\/Sportlov-2022-1448x2048.jpg 1448w\" sizes=\"(max-width: 1500px) 100vw, 1500px\" \/><\/a><figcaption>Sportlovsaffisch<\/figcaption><\/figure>\n\n\n\n<figure class=\"wp-block-image size-large\"><a href=\"http:\/\/www.fritidsgardarna.se\/wpnew\/wp-content\/uploads\/2022\/02\/0001-scaled.jpg\"><img decoding=\"async\" loading=\"lazy\" width=\"1810\" height=\"2560\" data-id=\"674\"  src=\"http:\/\/www.fritidsgardarna.se\/wpnew\/wp-content\/uploads\/2022\/02\/0001-scaled.jpg\" alt=\"\" class=\"wp-image-674\" srcset=\"http:\/\/www.fritidsgardarna.se\/wpnew\/wp-content\/uploads\/2022\/02\/0001-scaled.jpg 1810w, http:\/\/www.fritidsgardarna.se\/wpnew\/wp-content\/uploads\/2022\/02\/0001-212x300.jpg 212w, http:\/\/www.fritidsgardarna.se\/wpnew\/wp-content\/uploads\/2022\/02\/0001-724x1024.jpg 724w, http:\/\/www.fritidsgardarna.se\/wpnew\/wp-content\/uploads\/2022\/02\/0001-106x150.jpg 106w, http:\/\/www.fritidsgardarna.se\/wpnew\/wp-content\/uploads\/2022\/02\/0001-768x1086.jpg 768w, http:\/\/www.fritidsgardarna.se\/wpnew\/wp-content\/uploads\/2022\/02\/0001-1086x1536.jpg 1086w, http:\/\/www.fritidsgardarna.se\/wpnew\/wp-content\/uploads\/2022\/02\/0001-1448x2048.jpg 1448w\" sizes=\"(max-width: 1810px) 100vw, 1810px\" \/><\/a><figcaption>Studio<\/figcaption><\/figure>\n<\/figure>\n\n\n\n<p><\/p>\n","protected":false},"excerpt":{"rendered":"<p>Hej! Nu \u00e4r det snart dags f\u00f6r sportlov och det \u00e4r som vanligt en vecka som vi fyller med roliga aktiviteter. H\u00e4r kommer all information som ni beh\u00f6ver.<\/p>\n","protected":false},"author":1,"featured_media":0,"parent":0,"menu_order":0,"comment_status":"closed","ping_status":"closed","template":"","meta":[],"_links":{"self":[{"href":"http:\/\/www.fritidsgardarna.se\/wpnew\/index.php?rest_route=\/wp\/v2\/pages\/672"}],"collection":[{"href":"http:\/\/www.fritidsgardarna.se\/wpnew\/index.php?rest_route=\/wp\/v2\/pages"}],"about":[{"href":"http:\/\/www.fritidsgardarna.se\/wpnew\/index.php?rest_route=\/wp\/v2\/types\/page"}],"author":[{"embeddable":true,"href":"http:\/\/www.fritidsgardarna.se\/wpnew\/index.php?rest_route=\/wp\/v2\/users\/1"}],"replies":[{"embeddable":true,"href":"http:\/\/www.fritidsgardarna.se\/wpnew\/index.php?rest_route=%2Fwp%2Fv2%2Fcomments&post=672"}],"version-history":[{"count":8,"href":"http:\/\/www.fritidsgardarna.se\/wpnew\/index.php?rest_route=\/wp\/v2\/pages\/672\/revisions"}],"predecessor-version":[{"id":701,"href":"http:\/\/www.fritidsgardarna.se\/wpnew\/index.php?rest_route=\/wp\/v2\/pages\/672\/revisions\/701"}],"wp:attachment":[{"href":"http:\/\/www.fritidsgardarna.se\/wpnew\/index.php?rest_route=%2Fwp%2Fv2%2Fmedia&parent=672"}],"curies":[{"name":"wp","href":"https:\/\/api.w.org\/{rel}","templated":true}]}}