{"id":396,"date":"2021-04-14T09:13:12","date_gmt":"2021-04-14T07:13:12","guid":{"rendered":"http:\/\/www.fritidsgardarna.se\/wpnew\/?page_id=396"},"modified":"2023-05-23T15:25:52","modified_gmt":"2023-05-23T13:25:52","slug":"sommar-2021","status":"publish","type":"page","link":"http:\/\/www.fritidsgardarna.se\/wpnew\/?page_id=396","title":{"rendered":"Sommar 2023"},"content":{"rendered":"<div class=\"wp-block-image is-style-default\">\n<figure class=\"alignright size-large is-resized\"><a href=\"http:\/\/www.fritidsgardarna.se\/wpnew\/wp-content\/uploads\/2023\/05\/Sommar-2023.jpg\"><img decoding=\"async\" loading=\"lazy\" src=\"http:\/\/www.fritidsgardarna.se\/wpnew\/wp-content\/uploads\/2023\/05\/Sommar-2023-724x1024.jpg\" alt=\"\" class=\"wp-image-978\" width=\"181\" height=\"256\" srcset=\"http:\/\/www.fritidsgardarna.se\/wpnew\/wp-content\/uploads\/2023\/05\/Sommar-2023-724x1024.jpg 724w, http:\/\/www.fritidsgardarna.se\/wpnew\/wp-content\/uploads\/2023\/05\/Sommar-2023-212x300.jpg 212w, http:\/\/www.fritidsgardarna.se\/wpnew\/wp-content\/uploads\/2023\/05\/Sommar-2023-106x150.jpg 106w, http:\/\/www.fritidsgardarna.se\/wpnew\/wp-content\/uploads\/2023\/05\/Sommar-2023-768x1087.jpg 768w, http:\/\/www.fritidsgardarna.se\/wpnew\/wp-content\/uploads\/2023\/05\/Sommar-2023.jpg 800w\" sizes=\"(max-width: 181px) 100vw, 181px\" \/><\/a><\/figure><\/div>\n\n\n<p>Hej alla fina ungdomar och g\u00e4stande vuxna. Nu \u00e4r det snart sommar och vi har fyllt v\u00e5ra \u00f6ppna veckor med aktiviteter. H\u00e4r kommer all aktuell information att finnas och uppdateras. Du kan var med fr\u00e5n den dagen du g\u00e5r ut 6e klass. <\/p>\n\n\n\n<p><strong>Delaktighet<\/strong><br>Har du en egen sommaraktivitet som du vill utf\u00f6ra eller vara med och h\u00e5lla i? Kontakta en fritidsledare s\u00e5 f\u00e5r du den hj\u00e4lp du beh\u00f6ver. <\/p>\n\n\n\n<p><\/p>\n\n\n\n<p><\/p>\n\n\n\n<p><\/p>\n\n\n\n<p><\/p>\n\n\n\n<p class=\"has-medium-font-size\"><\/p>\n\n\n\n<p><\/p>\n\n\n\n<pre class=\"wp-block-preformatted\"><strong>Fotol\u00e4ger<\/strong>\nVi kommer under 4 dagar att l\u00e4ra oss grunderna i fotografering, \u00e5ka p\u00e5 fotoutflykter och visa hur man redigerar p\u00e5 ett enkelt s\u00e4tt. 2 bilder i A3 f\u00e5r sedan tas med hem. Finns ingen kamera eller egen dator f\u00f6r redigering s\u00e5 har vi fyra stycken av varje till utl\u00e5ning. Varje dag utg\u00e5r fr\u00e5n Bergag\u00e5rden.\nEfter anm\u00e4lan kommer vi att \u00e5terkomma med mer information. \nFr\u00e5gor besvaras av Magnus p\u00e5 magnus.abelsted@osteraker.se alternativt p\u00e5 Tr\u00e5s\u00e4ttrag\u00e5rdens telefonnummer 08-540 815 70\n\n\n<strong>Datum: <\/strong>19-22 Juni\n<strong>Tid: <\/strong>12-17 \n<strong>Kostnad:<\/strong> 200:- (Inkl. lunch i Sthlm &amp; material)\n<strong>Max antal:<\/strong> 7 personer\n<strong>\nAnm\u00e4lan kan g\u00f6ras <a href=\"https:\/\/forms.office.com\/pages\/responsepage.aspx?id=xkM6l3Y2BkCkJdXTNNDfJ1XeCLVgQLlPh8roOsASeZ5UN1RCNFk1QTBFMUZEQVBQV01HOVlXMDRRMC4u\">h\u00e4r<\/a> senast den 16 juni.<\/strong>\n<\/pre>\n\n\n\n<pre class=\"wp-block-verse\"><strong>Hantverksdagar<\/strong>\nVi kommer under tre dagar att prova p\u00e5 olika typer av hantverk. Tisdag jobbar vi med sten &amp; betong, onsdag blir det tr\u00e5d &amp; tyg och torsdag f\u00e4rg &amp; m\u00e5leri. Vi kommer att befinna oss p\u00e5 Bergag\u00e5rden. Det som tillverkas f\u00e5r sedan tas med hem. Efter anm\u00e4lan kommer vi att \u00e5terkomma med mer information. \nFr\u00e5gor besvaras av Magnus p\u00e5 magnus.abelsted@osteraker.se alternativt p\u00e5 Tr\u00e5s\u00e4ttrag\u00e5rdens telefonnummer 08-540 815 70\n\n<strong>Datum:<\/strong> 27-29 juni\n<strong>Tid:<\/strong> 13-16\n<strong>Kostnad:<\/strong> 100:- (Inkl. material)\n<strong>Max antal: <\/strong>10 personer\n\n<strong>Anm\u00e4lan kan g\u00f6ras <a href=\"https:\/\/forms.office.com\/pages\/responsepage.aspx?id=xkM6l3Y2BkCkJdXTNNDfJ1XeCLVgQLlPh8roOsASeZ5UN1RCNFk1QTBFMUZEQVBQV01HOVlXMDRRMC4u\">h\u00e4r<\/a> senast den 24 juni.<\/strong>\n<\/pre>\n\n\n\n<p><\/p>\n","protected":false},"excerpt":{"rendered":"<p>Hej alla fina ungdomar och g\u00e4stande vuxna. Nu \u00e4r det snart sommar och vi har fyllt v\u00e5ra \u00f6ppna veckor med aktiviteter. H\u00e4r kommer all aktuell information att finnas och uppdateras. Du kan var med fr\u00e5n den dagen du g\u00e5r ut 6e klass. DelaktighetHar du en egen sommaraktivitet som du vill utf\u00f6ra eller vara med och &#8230; <a title=\"Sommar 2023\" class=\"read-more\" href=\"http:\/\/www.fritidsgardarna.se\/wpnew\/?page_id=396\" aria-label=\"More on Sommar 2023\">Read more<\/a><\/p>\n","protected":false},"author":1,"featured_media":0,"parent":0,"menu_order":0,"comment_status":"closed","ping_status":"closed","template":"","meta":[],"_links":{"self":[{"href":"http:\/\/www.fritidsgardarna.se\/wpnew\/index.php?rest_route=\/wp\/v2\/pages\/396"}],"collection":[{"href":"http:\/\/www.fritidsgardarna.se\/wpnew\/index.php?rest_route=\/wp\/v2\/pages"}],"about":[{"href":"http:\/\/www.fritidsgardarna.se\/wpnew\/index.php?rest_route=\/wp\/v2\/types\/page"}],"author":[{"embeddable":true,"href":"http:\/\/www.fritidsgardarna.se\/wpnew\/index.php?rest_route=\/wp\/v2\/users\/1"}],"replies":[{"embeddable":true,"href":"http:\/\/www.fritidsgardarna.se\/wpnew\/index.php?rest_route=%2Fwp%2Fv2%2Fcomments&post=396"}],"version-history":[{"count":64,"href":"http:\/\/www.fritidsgardarna.se\/wpnew\/index.php?rest_route=\/wp\/v2\/pages\/396\/revisions"}],"predecessor-version":[{"id":1025,"href":"http:\/\/www.fritidsgardarna.se\/wpnew\/index.php?rest_route=\/wp\/v2\/pages\/396\/revisions\/1025"}],"wp:attachment":[{"href":"http:\/\/www.fritidsgardarna.se\/wpnew\/index.php?rest_route=%2Fwp%2Fv2%2Fmedia&parent=396"}],"curies":[{"name":"wp","href":"https:\/\/api.w.org\/{rel}","templated":true}]}}