{"id":290,"date":"2021-01-18T13:29:55","date_gmt":"2021-01-18T13:29:55","guid":{"rendered":"http:\/\/www.fritidsgardarna.se\/wpnew\/?page_id=290"},"modified":"2021-04-29T16:17:04","modified_gmt":"2021-04-29T16:17:04","slug":"digitalt","status":"publish","type":"page","link":"http:\/\/www.fritidsgardarna.se\/wpnew\/?page_id=290","title":{"rendered":"Digitalt"},"content":{"rendered":"\n<p>H\u00e4r har vi samlat alla v\u00e5ra digitala arenor.<\/p>\n\n\n\n<p><strong>Gemensamma <\/strong><br>TIKTOK: fritidsgardarnaosteraker<br>Youtube: <a href=\"https:\/\/www.youtube.com\/channel\/UChuuPX6l84dojeG9snwEEZg\" data-type=\"URL\" data-id=\"https:\/\/www.youtube.com\/channel\/UChuuPX6l84dojeG9snwEEZg\">Fritidsg\u00e5rdarna \u00d6ster\u00e5ker<\/a> &lt;- Klicka p\u00e5 l\u00e4nken!<br><a href=\"https:\/\/www.facebook.com\/Fritidsg%C3%A5rdarna-%C3%96ster%C3%A5ker-106222348171193\" data-type=\"URL\" data-id=\"https:\/\/www.facebook.com\/Fritidsg%C3%A5rdarna-%C3%96ster%C3%A5ker-106222348171193\">Facebook<\/a> &lt;- Klicka p\u00e5 l\u00e4nken!<\/p>\n\n\n\n<p><strong>Bergag\u00e5rden<\/strong><br><a href=\"bergagarden_osteraker\" target=\"_blank\" rel=\"noreferrer noopener\">Instagram: bergagarden_osteraker<\/a><br>Snapchat: bgosteraker<\/p>\n\n\n\n<p><strong>Tr\u00e5s\u00e4ttrag\u00e5rden<\/strong><br><a href=\"tragarden_osteraker\" target=\"_blank\" rel=\"noreferrer noopener\">Instagram: tragarden_osteraker<\/a><br>Snapchat: tgosteraker<br><\/p>\n\n\n\n<p><strong>Solskiftesg\u00e5rden<\/strong><br><a href=\"solgarden_osteraker\" target=\"_blank\" rel=\"noreferrer noopener\">Instagram: solgarden_osteraker<\/a><br>Snapchat: sgosteraker<\/p>\n\n\n\n<p><strong>F\u00e4ltgruppen<\/strong><br><a href=\"faltgruppen_osteraker\" target=\"_blank\" rel=\"noreferrer noopener\">Instagram: faltgruppen_osteraker<\/a><br>Snapchat: fgosteraker<\/p>\n","protected":false},"excerpt":{"rendered":"<p>H\u00e4r har vi samlat alla v\u00e5ra digitala arenor. Gemensamma TIKTOK: fritidsgardarnaosterakerYoutube: Fritidsg\u00e5rdarna \u00d6ster\u00e5ker &lt;- Klicka p\u00e5 l\u00e4nken!Facebook &lt;- Klicka p\u00e5 l\u00e4nken! Bergag\u00e5rdenInstagram: bergagarden_osterakerSnapchat: bgosteraker Tr\u00e5s\u00e4ttrag\u00e5rdenInstagram: tragarden_osterakerSnapchat: tgosteraker Solskiftesg\u00e5rdenInstagram: solgarden_osterakerSnapchat: sgosteraker F\u00e4ltgruppenInstagram: faltgruppen_osterakerSnapchat: fgosteraker<\/p>\n","protected":false},"author":1,"featured_media":0,"parent":0,"menu_order":0,"comment_status":"closed","ping_status":"closed","template":"","meta":[],"_links":{"self":[{"href":"http:\/\/www.fritidsgardarna.se\/wpnew\/index.php?rest_route=\/wp\/v2\/pages\/290"}],"collection":[{"href":"http:\/\/www.fritidsgardarna.se\/wpnew\/index.php?rest_route=\/wp\/v2\/pages"}],"about":[{"href":"http:\/\/www.fritidsgardarna.se\/wpnew\/index.php?rest_route=\/wp\/v2\/types\/page"}],"author":[{"embeddable":true,"href":"http:\/\/www.fritidsgardarna.se\/wpnew\/index.php?rest_route=\/wp\/v2\/users\/1"}],"replies":[{"embeddable":true,"href":"http:\/\/www.fritidsgardarna.se\/wpnew\/index.php?rest_route=%2Fwp%2Fv2%2Fcomments&post=290"}],"version-history":[{"count":4,"href":"http:\/\/www.fritidsgardarna.se\/wpnew\/index.php?rest_route=\/wp\/v2\/pages\/290\/revisions"}],"predecessor-version":[{"id":427,"href":"http:\/\/www.fritidsgardarna.se\/wpnew\/index.php?rest_route=\/wp\/v2\/pages\/290\/revisions\/427"}],"wp:attachment":[{"href":"http:\/\/www.fritidsgardarna.se\/wpnew\/index.php?rest_route=%2Fwp%2Fv2%2Fmedia&parent=290"}],"curies":[{"name":"wp","href":"https:\/\/api.w.org\/{rel}","templated":true}]}}