{"id":22,"date":"2020-10-01T13:23:53","date_gmt":"2020-10-01T13:23:53","guid":{"rendered":"http:\/\/www.fritidsgardarna.se\/wpnew\/?page_id=22"},"modified":"2023-05-25T13:50:41","modified_gmt":"2023-05-25T11:50:41","slug":"faltgruppen","status":"publish","type":"page","link":"http:\/\/www.fritidsgardarna.se\/wpnew\/?page_id=22","title":{"rendered":"F\u00e4ltgruppen"},"content":{"rendered":"\n<p><\/p>\n\n\n\n<h2 class=\"wp-block-heading\">Fritidsledare med f\u00e4ltuppdrag<\/h2>\n\n\n\n<p>Hos F\u00e4ltgruppen \u00e4r man anst\u00e4lld av \u00d6ster\u00e5kers kommun under fritidsg\u00e5rdsenheten. M\u00e5let \u00e4r att fr\u00e4mja psykisk och fysisk h\u00e4lsa och p\u00e5 s\u00e5 vis f\u00f6rebygga social problematik hos barn och unga 10 \u2013 18 \u00e5r i \u00d6ster\u00e5kers kommun. Arbetet bygger p\u00e5 frivillighet och sker alltid med ungdomens samtycke.<\/p>\n\n\n\n<p>Metoden i professionellt socialt f\u00e4ltarbete bygger p\u00e5 f\u00f6ljande fyra delar: Socialt upps\u00f6kande arbete, analys, insats och dokumentation\/utv\u00e4rdering.<\/p>\n\n\n\n<p>F\u00e4ltgruppen \u00e4r verksam p\u00e5 tre niv\u00e5er f\u00f6r att tillgodose de behov som uppm\u00e4rksammas genom det upps\u00f6kande arbetet.<br><br>\u2013 Samh\u00e4llsniv\u00e5<br>\u2013 Gruppniv\u00e5<br>\u2013 Individniv\u00e5<br><br>Det professionella upps\u00f6kande arbetet i olika ungdomsmilj\u00f6er kr\u00e4ver att arbetet bedrivs med stor h\u00e4nsyn till yrkesroll, arbetsmilj\u00f6 och s\u00e4kerhet.<\/p>\n\n\n\n<p>D\u00e5 behoven ofta \u00e4r m\u00e5nga och skiftande m\u00e5ste det g\u00f6ras prioriteringar av vilka insatser som \u00e4r mest angel\u00e4gna och som \u00e4r m\u00f6jliga att genomf\u00f6ra.<\/p>\n\n\n\n<p>Som budb\u00e4rare av ungas \u00e5sikter, synpunkter och upplevelser l\u00e4gger vi stor vikt vid att inkludera dessa i processer och beslut samt att f\u00f6rmedla information till ber\u00f6rda beslutsfattare f\u00f6r att \u00f6ka ungas delaktighet i samh\u00e4llet.<\/p>\n\n\n\n<p>Allt arbete som utf\u00f6rs av F\u00e4ltgruppen \u00d6ster\u00e5ker sker i f\u00f6rtroende och med respekt f\u00f6r individens integritet. Arbetet utg\u00e5r fr\u00e5n behov och motivation samt inriktas p\u00e5 att frig\u00f6ra individens egna resurser. M\u00e5let \u00e4r att denne ska utvecklas i positiv riktning med bibeh\u00e5llen relation och f\u00f6rtroende till vuxenv\u00e4rlden.<\/p>\n\n\n\n<p>Verksamheten fokuserar dels p\u00e5 forskningsbaserade risk- och skyddsfaktorer med m\u00e5ls\u00e4ttning att st\u00e4rka individens skyddsfaktorer kring en organiserad, vuxenledd och meningsfull fritid, ofta i samarbete med v\u00e5rdnadshavare och de verksamheter som arbetar med skyddsfaktorer kring hem och skola. Ut\u00f6ver det anordnar vi b\u00e5de spontana och planerade aktiviteter i relationsskapande syfte, s\u00e5 som kl\u00e4ttring, bubbleball, l\u00e4ger etc.<\/p>\n\n\n\n<p><strong>Att prata med oss \u00e4r alltid frivilligt och du best\u00e4mmer sj\u00e4lv om du vill ha kontakt med oss. Om du v\u00e4ljer att prata med oss g\u00f6r du det i f\u00f6rtroende och vi kommer inte att ber\u00e4tta f\u00f6r n\u00e5gon vad du sagt.<\/strong><\/p>\n\n\n\n<blockquote class=\"wp-block-quote\">\n<p><em>Samtidigt \u00e4r det s\u00e5 att vi som arbetar med barn och ungdomar har skyldighet enligt lag att l\u00e4mna information till socialtj\u00e4nsten vid misstanke om att barn far illa. Detta g\u00f6r vi inte f\u00f6r att vara elaka eller f\u00f6r att f\u00f6rst\u00f6ra f\u00f6r dig utan f\u00f6r att skyddet kring dig som riskerar att fara illa skall vara s\u00e5 starkt som m\u00f6jligt. Vi f\u00f6rs\u00f6ker alltid att ber\u00e4tta f\u00f6r dig om en s\u00e5dan kontakt blir aktuell.<\/em><\/p>\n\n\n\n<p><\/p>\n<\/blockquote>\n","protected":false},"excerpt":{"rendered":"<p>Fritidsledare med f\u00e4ltuppdrag Hos F\u00e4ltgruppen \u00e4r man anst\u00e4lld av \u00d6ster\u00e5kers kommun under fritidsg\u00e5rdsenheten. M\u00e5let \u00e4r att fr\u00e4mja psykisk och fysisk h\u00e4lsa och p\u00e5 s\u00e5 vis f\u00f6rebygga social problematik hos barn och unga 10 \u2013 18 \u00e5r i \u00d6ster\u00e5kers kommun. Arbetet bygger p\u00e5 frivillighet och sker alltid med ungdomens samtycke. Metoden i professionellt socialt f\u00e4ltarbete bygger &#8230; <a title=\"F\u00e4ltgruppen\" class=\"read-more\" href=\"http:\/\/www.fritidsgardarna.se\/wpnew\/?page_id=22\" aria-label=\"More on F\u00e4ltgruppen\">Read more<\/a><\/p>\n","protected":false},"author":1,"featured_media":0,"parent":0,"menu_order":0,"comment_status":"closed","ping_status":"closed","template":"","meta":[],"_links":{"self":[{"href":"http:\/\/www.fritidsgardarna.se\/wpnew\/index.php?rest_route=\/wp\/v2\/pages\/22"}],"collection":[{"href":"http:\/\/www.fritidsgardarna.se\/wpnew\/index.php?rest_route=\/wp\/v2\/pages"}],"about":[{"href":"http:\/\/www.fritidsgardarna.se\/wpnew\/index.php?rest_route=\/wp\/v2\/types\/page"}],"author":[{"embeddable":true,"href":"http:\/\/www.fritidsgardarna.se\/wpnew\/index.php?rest_route=\/wp\/v2\/users\/1"}],"replies":[{"embeddable":true,"href":"http:\/\/www.fritidsgardarna.se\/wpnew\/index.php?rest_route=%2Fwp%2Fv2%2Fcomments&post=22"}],"version-history":[{"count":4,"href":"http:\/\/www.fritidsgardarna.se\/wpnew\/index.php?rest_route=\/wp\/v2\/pages\/22\/revisions"}],"predecessor-version":[{"id":1033,"href":"http:\/\/www.fritidsgardarna.se\/wpnew\/index.php?rest_route=\/wp\/v2\/pages\/22\/revisions\/1033"}],"wp:attachment":[{"href":"http:\/\/www.fritidsgardarna.se\/wpnew\/index.php?rest_route=%2Fwp%2Fv2%2Fmedia&parent=22"}],"curies":[{"name":"wp","href":"https:\/\/api.w.org\/{rel}","templated":true}]}}