{"id":20,"date":"2020-10-01T13:23:34","date_gmt":"2020-10-01T13:23:34","guid":{"rendered":"http:\/\/www.fritidsgardarna.se\/wpnew\/?page_id=20"},"modified":"2022-06-15T08:34:57","modified_gmt":"2022-06-15T06:34:57","slug":"ljusterogarden","status":"publish","type":"page","link":"http:\/\/www.fritidsgardarna.se\/wpnew\/?page_id=20","title":{"rendered":"Ljuster\u00f6g\u00e5rden"},"content":{"rendered":"\n<figure class=\"wp-block-image size-large\"><img decoding=\"async\" loading=\"lazy\" width=\"500\" height=\"204\" src=\"http:\/\/www.fritidsgardarna.se\/wpnew\/wp-content\/uploads\/2020\/10\/ljust_1.jpg\" alt=\"\" class=\"wp-image-182\" srcset=\"http:\/\/www.fritidsgardarna.se\/wpnew\/wp-content\/uploads\/2020\/10\/ljust_1.jpg 500w, http:\/\/www.fritidsgardarna.se\/wpnew\/wp-content\/uploads\/2020\/10\/ljust_1-300x122.jpg 300w, http:\/\/www.fritidsgardarna.se\/wpnew\/wp-content\/uploads\/2020\/10\/ljust_1-150x61.jpg 150w\" sizes=\"(max-width: 500px) 100vw, 500px\" \/><\/figure>\n\n\n\n<p>P\u00e5 en av kommunens vackra sk\u00e4rg\u00e5rds\u00f6ar ligger Ljuster\u00f6 fritidsg\u00e5rd.<\/p>\n\n\n\n<p>Till oss kan du komma och spela spel, fika, lyssna p\u00e5 musik och umg\u00e5s.<br>Vi har \u00e5ldersgruppen fr\u00e5n \u00e5k 6 till dagen du fyller 19 \u00e5r.<\/p>\n\n\n\n<p>V\u00e5rat caf\u00e9 har l\u00e5ga priser. <\/p>\n\n\n\n<p><\/p>\n\n\n\n<figure class=\"wp-block-image size-large\"><img decoding=\"async\" loading=\"lazy\" width=\"261\" height=\"500\" src=\"http:\/\/www.fritidsgardarna.se\/wpnew\/wp-content\/uploads\/2020\/10\/ljusteroskylten.jpg\" alt=\"\" class=\"wp-image-183\" srcset=\"http:\/\/www.fritidsgardarna.se\/wpnew\/wp-content\/uploads\/2020\/10\/ljusteroskylten.jpg 261w, http:\/\/www.fritidsgardarna.se\/wpnew\/wp-content\/uploads\/2020\/10\/ljusteroskylten-157x300.jpg 157w, http:\/\/www.fritidsgardarna.se\/wpnew\/wp-content\/uploads\/2020\/10\/ljusteroskylten-78x150.jpg 78w\" sizes=\"(max-width: 261px) 100vw, 261px\" \/><\/figure>\n","protected":false},"excerpt":{"rendered":"<p>P\u00e5 en av kommunens vackra sk\u00e4rg\u00e5rds\u00f6ar ligger Ljuster\u00f6 fritidsg\u00e5rd. Till oss kan du komma och spela spel, fika, lyssna p\u00e5 musik och umg\u00e5s.Vi har \u00e5ldersgruppen fr\u00e5n \u00e5k 6 till dagen du fyller 19 \u00e5r. V\u00e5rat caf\u00e9 har l\u00e5ga priser.<\/p>\n","protected":false},"author":1,"featured_media":0,"parent":0,"menu_order":0,"comment_status":"closed","ping_status":"closed","template":"","meta":[],"_links":{"self":[{"href":"http:\/\/www.fritidsgardarna.se\/wpnew\/index.php?rest_route=\/wp\/v2\/pages\/20"}],"collection":[{"href":"http:\/\/www.fritidsgardarna.se\/wpnew\/index.php?rest_route=\/wp\/v2\/pages"}],"about":[{"href":"http:\/\/www.fritidsgardarna.se\/wpnew\/index.php?rest_route=\/wp\/v2\/types\/page"}],"author":[{"embeddable":true,"href":"http:\/\/www.fritidsgardarna.se\/wpnew\/index.php?rest_route=\/wp\/v2\/users\/1"}],"replies":[{"embeddable":true,"href":"http:\/\/www.fritidsgardarna.se\/wpnew\/index.php?rest_route=%2Fwp%2Fv2%2Fcomments&post=20"}],"version-history":[{"count":6,"href":"http:\/\/www.fritidsgardarna.se\/wpnew\/index.php?rest_route=\/wp\/v2\/pages\/20\/revisions"}],"predecessor-version":[{"id":811,"href":"http:\/\/www.fritidsgardarna.se\/wpnew\/index.php?rest_route=\/wp\/v2\/pages\/20\/revisions\/811"}],"wp:attachment":[{"href":"http:\/\/www.fritidsgardarna.se\/wpnew\/index.php?rest_route=%2Fwp%2Fv2%2Fmedia&parent=20"}],"curies":[{"name":"wp","href":"https:\/\/api.w.org\/{rel}","templated":true}]}}