{"id":195,"date":"2020-10-14T09:01:11","date_gmt":"2020-10-14T09:01:11","guid":{"rendered":"http:\/\/www.fritidsgardarna.se\/wpnew\/?page_id=195"},"modified":"2023-08-23T15:05:03","modified_gmt":"2023-08-23T13:05:03","slug":"kontakt","status":"publish","type":"page","link":"http:\/\/www.fritidsgardarna.se\/wpnew\/?page_id=195","title":{"rendered":"Kontakt"},"content":{"rendered":"\n<p><strong>Enhetschef<\/strong><br>Jens Storm<br>Telefon: 08 540 81503<br>E-post: <a href=\"mailto:jens.storm@osteraker.se\">jens.storm@osteraker.se<\/a><\/p>\n\n\n\n<p><strong>Administrativ samordnare<\/strong><br>Kristina Udd\u00e9n<br>Telefon: 08 540 81559<br>E-post:&nbsp;<a href=\"mailto:kristina.udden@osteraker.se\">kristina.udden@osteraker.se<\/a><\/p>\n\n\n\n<p><strong>Bes\u00f6ksadress<\/strong><br>Alceahuset<br>Hackstav\u00e4gen 22<br>184 31 \u00c5kersberga<\/p>\n\n\n\n<hr class=\"wp-block-separator has-alpha-channel-opacity\"\/>\n\n\n\n<p><strong>Bergag\u00e5rden&nbsp;<\/strong><br>Joel Lundgren, Samordnare<br>Telefon: 08 540 81538<br>E-post:&nbsp;<a href=\"mailto:joel.lundgren@osteraker.se\">joel.lundgren@osteraker.se<\/a><\/p>\n\n\n\n<p>Adress<br>Lennart Neckmans v\u00e4g 12<br>184 30 \u00c5kersberga<\/p>\n\n\n\n<p>Telefon<br>G\u00e5rden: 08 540 815 78<\/p>\n\n\n\n<hr class=\"wp-block-separator has-alpha-channel-opacity\"\/>\n\n\n\n<p><strong>Tr\u00e5s\u00e4ttrag\u00e5rden<\/strong><br>Kristina Udd\u00e9n, administrativ samordnare<br><a href=\"mailto:kristina.udden@osteraker.se\">kristina.udden@osteraker.s<\/a>e<br>08-54081559<\/p>\n\n\n\n<p>Adress<br>Sj\u00f6f\u00e5gelv\u00e4gen 1<br>18486 \u00c5kersberga<\/p>\n\n\n\n<p>Telefon&nbsp;<br>G\u00e5rden: 08 540 815 70<\/p>\n\n\n\n<hr class=\"wp-block-separator has-alpha-channel-opacity\"\/>\n\n\n\n<p><strong>Solskiftesg\u00e5rden<\/strong><br>Kristina Udd\u00e9n, administrativ samordnar<br><a href=\"mailto:kristina.udden@osteraker.se\">kristina.udden@osteraker.se<\/a><br>08-54081559<\/p>\n\n\n\n<p>Adress<br>Solskiftesv\u00e4gen 6B<br>184 86 \u00c5kersberga<\/p>\n\n\n\n<p>Telefon<br>G\u00e5rden 08 540 815 68<br><\/p>\n\n\n\n<hr class=\"wp-block-separator has-alpha-channel-opacity\"\/>\n\n\n\n<p><strong>Ljuster\u00f6g\u00e5rden<\/strong><br>Jerry Wall\u00e9n, samordnare<br><a rel=\"noreferrer noopener\" href=\"https:\/\/www5.osteraker.se\/owa\/redir.aspx?C=_pb1IJGf8JramMLN98KOMAWEGV0f0n_bwte8nQGNbHq-dGZjJgvZCA..&amp;URL=mailto%3afaltgruppen%40osteraker.se\" target=\"_blank\">faltgruppen@osteraker.se<\/a><\/p>\n\n\n\n<p>073-644 36 84<\/p>\n\n\n\n<p>Adress<br>Ljuster\u00f6 skola<br>184 97 \u00c5kersberga<\/p>\n\n\n\n<p>Telefon<br>G\u00e5rden: 08 540 811 96<br>Mobil: 073 644 37 84<\/p>\n\n\n\n<hr class=\"wp-block-separator has-alpha-channel-opacity\"\/>\n\n\n\n<p><strong>F\u00e4ltgruppen<\/strong><\/p>\n\n\n\n<p>Jerry Wall\u00e9n, samordnare<br><a rel=\"noreferrer noopener\" href=\"https:\/\/www5.osteraker.se\/owa\/redir.aspx?C=_pb1IJGf8JramMLN98KOMAWEGV0f0n_bwte8nQGNbHq-dGZjJgvZCA..&amp;URL=mailto%3afaltgruppen%40osteraker.se\" target=\"_blank\">faltgruppen@osteraker.se<\/a><\/p>\n\n\n\n<p>073-644 36 84<\/p>\n","protected":false},"excerpt":{"rendered":"<p>EnhetschefJens StormTelefon: 08 540 81503E-post: jens.storm@osteraker.se Administrativ samordnareKristina Udd\u00e9nTelefon: 08 540 81559E-post:&nbsp;kristina.udden@osteraker.se Bes\u00f6ksadressAlceahusetHackstav\u00e4gen 22184 31 \u00c5kersberga Bergag\u00e5rden&nbsp;Joel Lundgren, SamordnareTelefon: 08 540 81538E-post:&nbsp;joel.lundgren@osteraker.se AdressLennart Neckmans v\u00e4g 12184 30 \u00c5kersberga TelefonG\u00e5rden: 08 540 815 78 Tr\u00e5s\u00e4ttrag\u00e5rdenKristina Udd\u00e9n, administrativ samordnarekristina.udden@osteraker.se08-54081559 AdressSj\u00f6f\u00e5gelv\u00e4gen 118486 \u00c5kersberga Telefon&nbsp;G\u00e5rden: 08 540 815 70 Solskiftesg\u00e5rdenKristina Udd\u00e9n, administrativ samordnarkristina.udden@osteraker.se08-54081559 AdressSolskiftesv\u00e4gen 6B184 86 \u00c5kersberga TelefonG\u00e5rden 08 &#8230; <a title=\"Kontakt\" class=\"read-more\" href=\"http:\/\/www.fritidsgardarna.se\/wpnew\/?page_id=195\" aria-label=\"More on Kontakt\">Read more<\/a><\/p>\n","protected":false},"author":1,"featured_media":0,"parent":0,"menu_order":0,"comment_status":"closed","ping_status":"closed","template":"","meta":[],"_links":{"self":[{"href":"http:\/\/www.fritidsgardarna.se\/wpnew\/index.php?rest_route=\/wp\/v2\/pages\/195"}],"collection":[{"href":"http:\/\/www.fritidsgardarna.se\/wpnew\/index.php?rest_route=\/wp\/v2\/pages"}],"about":[{"href":"http:\/\/www.fritidsgardarna.se\/wpnew\/index.php?rest_route=\/wp\/v2\/types\/page"}],"author":[{"embeddable":true,"href":"http:\/\/www.fritidsgardarna.se\/wpnew\/index.php?rest_route=\/wp\/v2\/users\/1"}],"replies":[{"embeddable":true,"href":"http:\/\/www.fritidsgardarna.se\/wpnew\/index.php?rest_route=%2Fwp%2Fv2%2Fcomments&post=195"}],"version-history":[{"count":7,"href":"http:\/\/www.fritidsgardarna.se\/wpnew\/index.php?rest_route=\/wp\/v2\/pages\/195\/revisions"}],"predecessor-version":[{"id":1047,"href":"http:\/\/www.fritidsgardarna.se\/wpnew\/index.php?rest_route=\/wp\/v2\/pages\/195\/revisions\/1047"}],"wp:attachment":[{"href":"http:\/\/www.fritidsgardarna.se\/wpnew\/index.php?rest_route=%2Fwp%2Fv2%2Fmedia&parent=195"}],"curies":[{"name":"wp","href":"https:\/\/api.w.org\/{rel}","templated":true}]}}