{"id":188,"date":"2020-10-14T08:56:32","date_gmt":"2020-10-14T08:56:32","guid":{"rendered":"http:\/\/www.fritidsgardarna.se\/wpnew\/?page_id=188"},"modified":"2021-06-08T15:32:44","modified_gmt":"2021-06-08T13:32:44","slug":"hbtq-2","status":"publish","type":"page","link":"http:\/\/www.fritidsgardarna.se\/wpnew\/?page_id=188","title":{"rendered":"HBTQI"},"content":{"rendered":"\n<p><strong>Fritidsg\u00e5rdarna i \u00d6ster\u00e5ker \u00e4r HBTQI Certifierade genom RFSL<\/strong><\/p>\n\n\n\n<div class=\"wp-block-image\"><figure class=\"alignleft size-large is-resized\"><img decoding=\"async\" loading=\"lazy\" src=\"http:\/\/www.fritidsgardarna.se\/wpnew\/wp-content\/uploads\/2021\/05\/HBTQI_cert_sigill-1.png\" alt=\"\" class=\"wp-image-499\" width=\"178\" height=\"178\" srcset=\"http:\/\/www.fritidsgardarna.se\/wpnew\/wp-content\/uploads\/2021\/05\/HBTQI_cert_sigill-1.png 1000w, http:\/\/www.fritidsgardarna.se\/wpnew\/wp-content\/uploads\/2021\/05\/HBTQI_cert_sigill-1-300x300.png 300w, http:\/\/www.fritidsgardarna.se\/wpnew\/wp-content\/uploads\/2021\/05\/HBTQI_cert_sigill-1-150x150.png 150w, http:\/\/www.fritidsgardarna.se\/wpnew\/wp-content\/uploads\/2021\/05\/HBTQI_cert_sigill-1-768x768.png 768w\" sizes=\"(max-width: 178px) 100vw, 178px\" \/><figcaption>HBTQI certifierad<\/figcaption><\/figure><\/div>\n\n\n\n<p>Alla anst\u00e4llda p\u00e5 Fritidsg\u00e5rdsenheten har f\u00e5tt en \u00f6kad kunskap om hbtq, normer och konsekvenser av normer f\u00f6r h\u00e4lsa och livsvillkor f\u00f6r hbtq-personer.<\/p>\n\n\n\n<p>Verksamheten driver ett f\u00f6r\u00e4ndringsarbete f\u00f6r en \u00f6ppen och inkluderande arbetsmilj\u00f6, samt ett v\u00e4lkomnande bem\u00f6tande av bes\u00f6kare, utifr\u00e5n ett hbtq-perspektiv.<\/p>\n\n\n\n<p><\/p>\n\n\n\n<p><\/p>\n\n\n\n<p><\/p>\n\n\n\n<p><strong>Fritidsg\u00e5rdarnas Vision<\/strong><\/p>\n\n\n\n<ul><li>Alla ska k\u00e4nna sig v\u00e4lkomna p\u00e5 fritidsg\u00e5rdarna oavsett sexuell l\u00e4ggning, k\u00f6nsidentitet och k\u00f6nsuttryck.<\/li><li>Alla i personalen har kunskap i fr\u00e5gor som r\u00f6r HBTQI.<\/li><li>Lokalerna skall vara v\u00e4lkomnande och tillg\u00e4ngliga<\/li><li>V\u00e5ga m\u00f6ta m\u00e4nniskor utan att k\u00f6nsbest\u00e4mma<\/li><li>Det goda HBTQI- bem\u00f6tandet ska speglas i ungdomarnas bem\u00f6tande mot varandra b\u00e5de p\u00e5 och utanf\u00f6r g\u00e5rdarna.<\/li><\/ul>\n\n\n\n<p>Mer information:&nbsp;<a href=\"http:\/\/www.rfsl.se\/certifiering-och-utbildning\/det-haer-aer-en-certifiering\/\">http:\/\/www.rfsl.se\/certifiering-och-utbildning\/det-haer-aer-en-certifiering\/<\/a><\/p>\n\n\n\n<div class=\"wp-block-image\"><figure class=\"alignleft size-large is-resized\"><img decoding=\"async\" loading=\"lazy\" src=\"http:\/\/www.fritidsgardarna.se\/wpnew\/wp-content\/uploads\/2020\/10\/rfsl-300x158-1.png\" alt=\"\" class=\"wp-image-189\" width=\"220\" height=\"116\" srcset=\"http:\/\/www.fritidsgardarna.se\/wpnew\/wp-content\/uploads\/2020\/10\/rfsl-300x158-1.png 300w, http:\/\/www.fritidsgardarna.se\/wpnew\/wp-content\/uploads\/2020\/10\/rfsl-300x158-1-150x79.png 150w\" sizes=\"(max-width: 220px) 100vw, 220px\" \/><\/figure><\/div>\n","protected":false},"excerpt":{"rendered":"<p>Fritidsg\u00e5rdarna i \u00d6ster\u00e5ker \u00e4r HBTQI Certifierade genom RFSL Alla anst\u00e4llda p\u00e5 Fritidsg\u00e5rdsenheten har f\u00e5tt en \u00f6kad kunskap om hbtq, normer och konsekvenser av normer f\u00f6r h\u00e4lsa och livsvillkor f\u00f6r hbtq-personer. Verksamheten driver ett f\u00f6r\u00e4ndringsarbete f\u00f6r en \u00f6ppen och inkluderande arbetsmilj\u00f6, samt ett v\u00e4lkomnande bem\u00f6tande av bes\u00f6kare, utifr\u00e5n ett hbtq-perspektiv. Fritidsg\u00e5rdarnas Vision Alla ska k\u00e4nna sig &#8230; <a title=\"HBTQI\" class=\"read-more\" href=\"http:\/\/www.fritidsgardarna.se\/wpnew\/?page_id=188\" aria-label=\"More on HBTQI\">Read more<\/a><\/p>\n","protected":false},"author":1,"featured_media":0,"parent":0,"menu_order":0,"comment_status":"closed","ping_status":"closed","template":"","meta":[],"_links":{"self":[{"href":"http:\/\/www.fritidsgardarna.se\/wpnew\/index.php?rest_route=\/wp\/v2\/pages\/188"}],"collection":[{"href":"http:\/\/www.fritidsgardarna.se\/wpnew\/index.php?rest_route=\/wp\/v2\/pages"}],"about":[{"href":"http:\/\/www.fritidsgardarna.se\/wpnew\/index.php?rest_route=\/wp\/v2\/types\/page"}],"author":[{"embeddable":true,"href":"http:\/\/www.fritidsgardarna.se\/wpnew\/index.php?rest_route=\/wp\/v2\/users\/1"}],"replies":[{"embeddable":true,"href":"http:\/\/www.fritidsgardarna.se\/wpnew\/index.php?rest_route=%2Fwp%2Fv2%2Fcomments&post=188"}],"version-history":[{"count":7,"href":"http:\/\/www.fritidsgardarna.se\/wpnew\/index.php?rest_route=\/wp\/v2\/pages\/188\/revisions"}],"predecessor-version":[{"id":518,"href":"http:\/\/www.fritidsgardarna.se\/wpnew\/index.php?rest_route=\/wp\/v2\/pages\/188\/revisions\/518"}],"wp:attachment":[{"href":"http:\/\/www.fritidsgardarna.se\/wpnew\/index.php?rest_route=%2Fwp%2Fv2%2Fmedia&parent=188"}],"curies":[{"name":"wp","href":"https:\/\/api.w.org\/{rel}","templated":true}]}}