{"id":18,"date":"2020-10-01T13:23:22","date_gmt":"2020-10-01T13:23:22","guid":{"rendered":"http:\/\/www.fritidsgardarna.se\/wpnew\/?page_id=18"},"modified":"2022-06-02T15:04:15","modified_gmt":"2022-06-02T13:04:15","slug":"solskiftesgarden","status":"publish","type":"page","link":"http:\/\/www.fritidsgardarna.se\/wpnew\/?page_id=18","title":{"rendered":"Solskiftesg\u00e5rden"},"content":{"rendered":"\n<figure class=\"wp-block-image size-large\"><img decoding=\"async\" src=\"http:\/\/www.fritidsgardarna.se\/wpnew\/wp-content\/uploads\/2020\/11\/Solgarden.jpg\" alt=\"\" class=\"wp-image-230\"\/><\/figure>\n\n\n\n<p><strong>H\u00e4r anpassar vi aktiviteterna och utifr\u00e5n ungdomarnas \u00f6nskem\u00e5l i en demokratisk anda. Givetvis erbjuder vi ocks\u00e5 aktiviteter s\u00e5som hantverksarbete, tv-spel, biljard och pingis, men vill du p\u00e5verka utbudet s\u00e5 har du kommit till r\u00e4tt g\u00e5rd. Du som bes\u00f6ker g\u00e5rden \u00e4r viktig f\u00f6r oss, vi tar dina f\u00f6rslag p\u00e5 allvar. Har du id\u00e9er, kom till g\u00e5rden och ber\u00e4tta.<\/strong><\/p>\n\n\n\n<p><\/p>\n\n\n\n<p><strong>Caf\u00e9<\/strong><br>P\u00e5 dagtid kan du handla frukt, yoghurt, juice och goda sm\u00f6rg\u00e5sar. Vi serverar mellanm\u00e5l varje dag efter kl.13.00. Ett mellanm\u00e5l kostar 15:-. Du kan k\u00f6pa mellanm\u00e5lskort, 10 mellanm\u00e5l f\u00f6r 120:-.<\/p>\n\n\n\n<p>P\u00e5 kv\u00e4llarna kan du k\u00f6pa l\u00e4sk, godis, chips, bakverk, pizzabitar och mycket, mycket mer.<\/p>\n\n\n\n<p>Var med och tyck till om v\u00e5rt utbud i fiket. L\u00e4mna dina f\u00f6rslag till fritidsledarna.<\/p>\n\n\n\n<p><strong>Aktivitete<\/strong>r<br>V\u00e5ra aktiviteter \u00e4r olika varje kv\u00e4ll och du kan medverka och p\u00e5verka vad och hur dessa g\u00f6rs! Kom till oss och upplev en helkv\u00e4ll, med, t\u00e4vlingar och massor av roliga aktiviteter.<\/p>\n\n\n\n<p><strong>Kv\u00e4ll<\/strong><br>Varje \u00f6ppen kv\u00e4ll bjuder vi p\u00e5 \u201dsmakbitar\u201d av olika matr\u00e4tter eller bakverk och annat.<\/p>\n\n\n\n<p><strong>Tv-spel och annat.&nbsp;<\/strong><br>Vi har m\u00e5nga olika Tv-spel. Vi spelar bingo, biljard, pingis, skip-bo, och andra s\u00e4llskapsspel. Ibland har vi turneringar och t\u00e4vlingar d\u00e4r du kan vinna fina priser.<\/p>\n\n\n\n<p><strong>Samarbete<\/strong><br>Vi samarbetar med elevr\u00e5det p\u00e5 Solskiftesskolan och olika f\u00f6reningar som bes\u00f6karna f\u00f6resl\u00e5r och har aktiviteter som ungdomarna \u00f6nskar.<\/p>\n\n\n\n<p><\/p>\n","protected":false},"excerpt":{"rendered":"<p>H\u00e4r anpassar vi aktiviteterna och utifr\u00e5n ungdomarnas \u00f6nskem\u00e5l i en demokratisk anda. Givetvis erbjuder vi ocks\u00e5 aktiviteter s\u00e5som hantverksarbete, tv-spel, biljard och pingis, men vill du p\u00e5verka utbudet s\u00e5 har du kommit till r\u00e4tt g\u00e5rd. Du som bes\u00f6ker g\u00e5rden \u00e4r viktig f\u00f6r oss, vi tar dina f\u00f6rslag p\u00e5 allvar. Har du id\u00e9er, kom till g\u00e5rden &#8230; <a title=\"Solskiftesg\u00e5rden\" class=\"read-more\" href=\"http:\/\/www.fritidsgardarna.se\/wpnew\/?page_id=18\" aria-label=\"More on Solskiftesg\u00e5rden\">Read more<\/a><\/p>\n","protected":false},"author":1,"featured_media":0,"parent":0,"menu_order":0,"comment_status":"closed","ping_status":"closed","template":"","meta":[],"_links":{"self":[{"href":"http:\/\/www.fritidsgardarna.se\/wpnew\/index.php?rest_route=\/wp\/v2\/pages\/18"}],"collection":[{"href":"http:\/\/www.fritidsgardarna.se\/wpnew\/index.php?rest_route=\/wp\/v2\/pages"}],"about":[{"href":"http:\/\/www.fritidsgardarna.se\/wpnew\/index.php?rest_route=\/wp\/v2\/types\/page"}],"author":[{"embeddable":true,"href":"http:\/\/www.fritidsgardarna.se\/wpnew\/index.php?rest_route=\/wp\/v2\/users\/1"}],"replies":[{"embeddable":true,"href":"http:\/\/www.fritidsgardarna.se\/wpnew\/index.php?rest_route=%2Fwp%2Fv2%2Fcomments&post=18"}],"version-history":[{"count":7,"href":"http:\/\/www.fritidsgardarna.se\/wpnew\/index.php?rest_route=\/wp\/v2\/pages\/18\/revisions"}],"predecessor-version":[{"id":807,"href":"http:\/\/www.fritidsgardarna.se\/wpnew\/index.php?rest_route=\/wp\/v2\/pages\/18\/revisions\/807"}],"wp:attachment":[{"href":"http:\/\/www.fritidsgardarna.se\/wpnew\/index.php?rest_route=%2Fwp%2Fv2%2Fmedia&parent=18"}],"curies":[{"name":"wp","href":"https:\/\/api.w.org\/{rel}","templated":true}]}}