{"id":16,"date":"2020-10-01T13:23:05","date_gmt":"2020-10-01T13:23:05","guid":{"rendered":"http:\/\/www.fritidsgardarna.se\/wpnew\/?page_id=16"},"modified":"2023-08-23T14:01:00","modified_gmt":"2023-08-23T12:01:00","slug":"trasattragarden","status":"publish","type":"page","link":"http:\/\/www.fritidsgardarna.se\/wpnew\/?page_id=16","title":{"rendered":"Tr\u00e5s\u00e4ttrag\u00e5rden"},"content":{"rendered":"<div class=\"wp-block-image\">\n<figure class=\"alignleft size-large\"><img decoding=\"async\" src=\"http:\/\/www.fritidsgardarna.se\/wpnew\/wp-content\/uploads\/2020\/11\/Tragarden.jpg\" alt=\"\" class=\"wp-image-228\"\/><\/figure><\/div>\n\n\n<p><strong>Tr\u00e5s\u00e4ttrag\u00e5rden har en m\u00e4ngd olika aktiviteter som t.ex. bollsporter, biljard, tv-spel, s\u00e4llskapsspel och pyssel.<\/strong><\/p>\n\n\n\n<p><strong>Sj\u00e4lvklart kan du sj\u00e4lv f\u00f6resl\u00e5 egna aktiviteter och id\u00e9er som vi f\u00f6rs\u00f6ker genomf\u00f6ra.<\/strong><\/p>\n\n\n\n<p><strong>Caf\u00e9<\/strong><br>P\u00e5 dagtid kan du handla frukt, yoghurt, juice och goda sm\u00f6rg\u00e5sar. Vi serverar mellanm\u00e5l varje dag efter kl.13.00. <br>Vill du swisha s\u00e5 \u00e4r det minsta beloppet 15:-, annars \u00e4r det kontant som g\u00e4ller. Men vi har v\u00e4rdekort fr\u00e5n 15:- och upp\u00e5t som g\u00e5r att k\u00f6pa om man vill och dessa g\u00e5r att nyttja ist\u00e4llet f\u00f6r kontanter f\u00f6r mindre belopp. <\/p>\n\n\n\n<p>P\u00e5 kv\u00e4llarna kan du k\u00f6pa l\u00e4sk, godis, chips, bakverk, pizzabitar och mycket mer.<\/p>\n\n\n\n<p>Var med och tyck till om v\u00e5rt utbud i fiket. L\u00e4mna dina f\u00f6rslag till fritidsledarna.<\/p>\n\n\n\n<p><strong>Kv\u00e4llstid<\/strong><br>P\u00e5 kv\u00e4llarna v\u00e4lkomnar vi dig fr\u00e5n \u00e5rskurs 7 och upp till 18 \u00e5r. Tisdagar, Onsdagar\u00a0och\u00a0torsdagar\u00a0har vi en \u00f6ppen g\u00e5rd med arrangemang efter ungdomarnas egna \u00f6nskem\u00e5l. Bingo och musikquiz \u00e4r ett par av de popul\u00e4ra saker vi anordnar. I caf\u00e9et s\u00e4ljer vi l\u00e4sk, chips, godis m.m.  <br>Du kan p\u00e5verka vad vi g\u00f6r. Kom till oss och ber\u00e4tta. Kv\u00e4llarna har nu just nu st\u00e4ngt f\u00f6r terminen. Vi \u00f6ppnar \u00e5ter efter skolstart HT23<\/p>\n\n\n\n<p><\/p>\n","protected":false},"excerpt":{"rendered":"<p>Tr\u00e5s\u00e4ttrag\u00e5rden har en m\u00e4ngd olika aktiviteter som t.ex. bollsporter, biljard, tv-spel, s\u00e4llskapsspel och pyssel. Sj\u00e4lvklart kan du sj\u00e4lv f\u00f6resl\u00e5 egna aktiviteter och id\u00e9er som vi f\u00f6rs\u00f6ker genomf\u00f6ra. Caf\u00e9P\u00e5 dagtid kan du handla frukt, yoghurt, juice och goda sm\u00f6rg\u00e5sar. Vi serverar mellanm\u00e5l varje dag efter kl.13.00. Vill du swisha s\u00e5 \u00e4r det minsta beloppet 15:-, annars &#8230; <a title=\"Tr\u00e5s\u00e4ttrag\u00e5rden\" class=\"read-more\" href=\"http:\/\/www.fritidsgardarna.se\/wpnew\/?page_id=16\" aria-label=\"More on Tr\u00e5s\u00e4ttrag\u00e5rden\">Read more<\/a><\/p>\n","protected":false},"author":1,"featured_media":228,"parent":0,"menu_order":0,"comment_status":"closed","ping_status":"closed","template":"","meta":[],"_links":{"self":[{"href":"http:\/\/www.fritidsgardarna.se\/wpnew\/index.php?rest_route=\/wp\/v2\/pages\/16"}],"collection":[{"href":"http:\/\/www.fritidsgardarna.se\/wpnew\/index.php?rest_route=\/wp\/v2\/pages"}],"about":[{"href":"http:\/\/www.fritidsgardarna.se\/wpnew\/index.php?rest_route=\/wp\/v2\/types\/page"}],"author":[{"embeddable":true,"href":"http:\/\/www.fritidsgardarna.se\/wpnew\/index.php?rest_route=\/wp\/v2\/users\/1"}],"replies":[{"embeddable":true,"href":"http:\/\/www.fritidsgardarna.se\/wpnew\/index.php?rest_route=%2Fwp%2Fv2%2Fcomments&post=16"}],"version-history":[{"count":18,"href":"http:\/\/www.fritidsgardarna.se\/wpnew\/index.php?rest_route=\/wp\/v2\/pages\/16\/revisions"}],"predecessor-version":[{"id":1043,"href":"http:\/\/www.fritidsgardarna.se\/wpnew\/index.php?rest_route=\/wp\/v2\/pages\/16\/revisions\/1043"}],"wp:featuredmedia":[{"embeddable":true,"href":"http:\/\/www.fritidsgardarna.se\/wpnew\/index.php?rest_route=\/wp\/v2\/media\/228"}],"wp:attachment":[{"href":"http:\/\/www.fritidsgardarna.se\/wpnew\/index.php?rest_route=%2Fwp%2Fv2%2Fmedia&parent=16"}],"curies":[{"name":"wp","href":"https:\/\/api.w.org\/{rel}","templated":true}]}}