{"id":1053,"date":"2024-06-11T22:01:39","date_gmt":"2024-06-11T20:01:39","guid":{"rendered":"http:\/\/www.fritidsgardarna.se\/wpnew\/?page_id=1053"},"modified":"2024-06-11T22:09:38","modified_gmt":"2024-06-11T20:09:38","slug":"vi-byter-plats","status":"publish","type":"page","link":"http:\/\/www.fritidsgardarna.se\/wpnew\/","title":{"rendered":"Vi byter plats&#8230;."},"content":{"rendered":"\n<p>Hej nu tar vi och hoppar in under \u00d6ster\u00e5kers Kommuns sida. <a href=\"https:\/\/www.osteraker.se\/upplevagora\/ungiosteraker\/oppenungdomsverksamhet.4.592cfecd176fc0db8783012.html\">Klicka h\u00e4r.<\/a><\/p>\n\n\n\n<p><strong>Sommar 2024 <\/strong><br>All information om sommaren hittar ni om ni klickar p\u00e5 l\u00e4nken \u00e5van.<\/p>\n\n\n\n<p>Tillsammans skapar vi sommarminnen.<\/p>\n","protected":false},"excerpt":{"rendered":"<p>Hej nu tar vi och hoppar in under \u00d6ster\u00e5kers Kommuns sida. Klicka h\u00e4r. Sommar 2024 All information om sommaren hittar ni om ni klickar p\u00e5 l\u00e4nken \u00e5van. Tillsammans skapar vi sommarminnen.<\/p>\n","protected":false},"author":1,"featured_media":0,"parent":0,"menu_order":0,"comment_status":"closed","ping_status":"closed","template":"","meta":[],"_links":{"self":[{"href":"http:\/\/www.fritidsgardarna.se\/wpnew\/index.php?rest_route=\/wp\/v2\/pages\/1053"}],"collection":[{"href":"http:\/\/www.fritidsgardarna.se\/wpnew\/index.php?rest_route=\/wp\/v2\/pages"}],"about":[{"href":"http:\/\/www.fritidsgardarna.se\/wpnew\/index.php?rest_route=\/wp\/v2\/types\/page"}],"author":[{"embeddable":true,"href":"http:\/\/www.fritidsgardarna.se\/wpnew\/index.php?rest_route=\/wp\/v2\/users\/1"}],"replies":[{"embeddable":true,"href":"http:\/\/www.fritidsgardarna.se\/wpnew\/index.php?rest_route=%2Fwp%2Fv2%2Fcomments&post=1053"}],"version-history":[{"count":2,"href":"http:\/\/www.fritidsgardarna.se\/wpnew\/index.php?rest_route=\/wp\/v2\/pages\/1053\/revisions"}],"predecessor-version":[{"id":1058,"href":"http:\/\/www.fritidsgardarna.se\/wpnew\/index.php?rest_route=\/wp\/v2\/pages\/1053\/revisions\/1058"}],"wp:attachment":[{"href":"http:\/\/www.fritidsgardarna.se\/wpnew\/index.php?rest_route=%2Fwp%2Fv2%2Fmedia&parent=1053"}],"curies":[{"name":"wp","href":"https:\/\/api.w.org\/{rel}","templated":true}]}}